{"id":3653,"date":"2020-02-14T02:28:27","date_gmt":"2020-02-14T07:28:27","guid":{"rendered":"https:\/\/acmgouttieres.com\/?page_id=3653"},"modified":"2025-06-04T04:36:26","modified_gmt":"2025-06-04T08:36:26","slug":"gutter-installation","status":"publish","type":"page","link":"https:\/\/acmgouttieres.com\/en\/services\/gutter-installation\/","title":{"rendered":"Gutter Installation"},"content":{"rendered":"<div class=\"wpb-content-wrapper\">[mk_page_section bg_image=&#8221;https:\/\/acmgouttieres.com\/wp-content\/uploads\/main-pictuer-on-top-.jpg&#8221; bg_position=&#8221;center center&#8221; bg_repeat=&#8221;no-repeat&#8221; bg_stretch=&#8221;true&#8221; speed_factor=&#8221;0.4&#8243; video_color_mask=&#8221;#000000&#8243; video_opacity=&#8221;0.2&#8243; min_height=&#8221;400&#8243; full_width=&#8221;true&#8221; js_vertical_centered=&#8221;true&#8221; padding_top=&#8221;0&#8243; padding_bottom=&#8221;0&#8243; sidebar=&#8221;sidebar-1&#8243;][vc_column][vc_column_text align=&#8221;center&#8221; animation=&#8221;bottom-to-top&#8221; el_class=&#8221;title&#8221; css=&#8221;.vc_custom_1748415698189{margin-bottom: 0px !important;}&#8221;]\n<h1 class=\"title\" style=\"font-size: 3em; font-weight: bold; color: #fff; text-align: center; position; relative; margin: 20vh 0 0;\">Installation of Seamless Gutters<\/h1>\n[\/vc_column_text][mk_button dimension=&#8221;flat&#8221; size=&#8221;large&#8221; url=&#8221;https:\/\/acmgouttieres.com\/en\/contact\/&#8221; align=&#8221;center&#8221; margin_top=&#8221;40&#8243; margin_bottom=&#8221;110&#8243; animation=&#8221;bottom-to-top&#8221;]Get Free Quote[\/mk_button][\/vc_column][\/mk_page_section][vc_row][vc_column][mk_padding_divider size=&#8221;80&#8243; visibility=&#8221;hidden-sm&#8221;][mk_padding_divider size=&#8221;60&#8243; visibility=&#8221;visible-sm&#8221;][\/vc_column][\/vc_row][vc_row][vc_column][mk_fancy_title color=&#8221;#0f79bf&#8221; size=&#8221;42&#8243; force_font_size=&#8221;true&#8221; size_tablet=&#8221;30&#8243; size_phone=&#8221;30&#8243; font_weight=&#8221;bold&#8221; txt_transform=&#8221;capitalize&#8221; margin_bottom=&#8221;0&#8243; font_family=&#8221;Lato&#8221; font_type=&#8221;google&#8221; align=&#8221;center&#8221;]<span style=\"color: #666666;\"><span style=\"font-family: Arial, serif;\">Do You Need New Gutters?<\/span><\/span>[\/mk_fancy_title][mk_divider style=&#8221;thin_solid&#8221; divider_width=&#8221;custom_width&#8221; custom_width=&#8221;200&#8243; thin_single_color=&#8221;#0f79bf&#8221; thickness=&#8221;3&#8243; margin_top=&#8221;10&#8243; margin_bottom=&#8221;60&#8243;][vc_column_text align=&#8221;center&#8221;]Our gutter professionals will discuss your options before the job starts.[\/vc_column_text][vc_row_inner][vc_column_inner width=&#8221;1\/12&#8243;][\/vc_column_inner][vc_column_inner width=&#8221;10\/12&#8243;][vc_column_text disable_pattern=&#8221;false&#8221; align=&#8221;center&#8221; css=&#8221;.vc_custom_1749026184658{margin-bottom: 0px !important;}&#8221;]<img decoding=\"async\" class=\"alignnone wp-image-3657 size-large\" src=\"https:\/\/acmgouttieres.com\/wp-content\/uploads\/imageedit_8_6749332922b-1200x1024.jpg\" alt=\"gutter professionals\" width=\"1140\" height=\"973\" \/><\/p>\n<h3>Gutters are 5\u201d wide, with different possible gauges of strength and customized lengths<\/h3>\n<p>The higher the number, the stronger the gutters:<\/p>\n<ul>\n<li>0.27 Gauge Aluminum<\/li>\n<li>0.32 Gauge Aluminum<\/li>\n<\/ul>\n<p>One of our teams will arrive at your property, measure and create a continuous piece of Seamless gutter that is customized to your project, using a seamless gutter machine. The seamless gutters will then be attached onto your home, using inside brackets, also known as hidden hangers, and screws of superior strength.<\/p>\n<p>We will discuss with you the best locations and quantity of downspouts determined by the amount of water that the gutters will have as runoff, always trying to keep the water as far away from your foundation as possible.<\/p>\n<h3>Downspouts come in various sizes, colors and customized lengths:<\/h3>\n<ul>\n<li>2&#8243; x 3&#8243; x 10 Feet<\/li>\n<li>3&#8243; x 3&#8243; x 10 Feet<\/li>\n<li>3&#8243; x 4&#8243; x 10 Feet<\/li>\n<\/ul>\n<p>Finally, we make sure to leave the job site as clean as when we arrived.<\/p>\n<p>Gutter installation is guaranteed for five years and the material is for 20 years.<\/p>\n<p><img decoding=\"async\" class=\"alignnone wp-image-3659 size-full\" src=\"https:\/\/acmgouttieres.com\/wp-content\/uploads\/imageedit_4_4693193112b.jpg\" alt=\"Downspouts come in various sizes, colors \" width=\"1200\" height=\"900\" srcset=\"https:\/\/acmgouttieres.com\/wp-content\/uploads\/imageedit_4_4693193112b.jpg 1200w, https:\/\/acmgouttieres.com\/wp-content\/uploads\/imageedit_4_4693193112b-500x375.jpg 500w, https:\/\/acmgouttieres.com\/wp-content\/uploads\/imageedit_4_4693193112b-600x450.jpg 600w, https:\/\/acmgouttieres.com\/wp-content\/uploads\/imageedit_4_4693193112b-330x248.jpg 330w\" sizes=\"(max-width: 1200px) 100vw, 1200px\" \/>[\/vc_column_text][\/vc_column_inner][vc_column_inner width=&#8221;1\/12&#8243;][\/vc_column_inner][\/vc_row_inner][vc_raw_html css=&#8221;&#8221;]JTVCdHJ1c3RpbmRleCUyMG5vLXJlZ2lzdHJhdGlvbiUzRGdvb2dsZSU1RA==[\/vc_raw_html][\/vc_column][\/vc_row][mk_page_section padding_top=&#8221;60&#8243; padding_bottom=&#8221;0&#8243; top_shape_color=&#8221;#ffffff&#8221; bottom_shape_color=&#8221;#ffffff&#8221; sidebar=&#8221;sidebar-1&#8243;][vc_column][mk_padding_divider size=&#8221;50&#8243; visibility=&#8221;hidden-nb&#8221;][vc_column_text css=&#8221;.vc_custom_1748988288018{margin-bottom: 0px !important;}&#8221;]\n<h3>Syst\u00e8mes de goutti\u00e8res qui prot\u00e8gent, fonctionnent et durent..<\/h3>\n<p>Goutti\u00e8res ACM comprend les dommages que l&#8217;eau peut causer \u00e0 votre propri\u00e9t\u00e9 et s&#8217;engage \u00e0 prot\u00e9ger les maisons situ\u00e9es dans l&#8217;Ouest-de-l&#8217;\u00cele, la Rive-Sud et Laval. En installant professionnellement des goutti\u00e8res solides, transparentes et \u00e0 \u00e9coulement libre, notre \u00e9quipe prot\u00e8ge votre b\u00e2timent contre la pourriture, les fuites, les fissures, l&#8217;humidit\u00e9 et bien plus encore..[\/vc_column_text][\/vc_column][\/mk_page_section][vc_row][vc_column][mk_padding_divider size=&#8221;60&#8243;][\/vc_column][\/vc_row][mk_page_section bg_color=&#8221;#0f79bf&#8221; full_width=&#8221;true&#8221; has_top_shape_divider=&#8221;true&#8221; top_shape_color=&#8221;#ffffff&#8221; top_shape_bg_color=&#8221;#0f79bf&#8221; bottom_shape_color=&#8221;#ffffff&#8221; sidebar=&#8221;sidebar-1&#8243;][vc_column width=&#8221;2\/12&#8243;][\/vc_column][vc_column width=&#8221;5\/12&#8243;][mk_padding_divider size=&#8221;60&#8243;][mk_fancy_title tag_name=&#8221;h3&#8243; color=&#8221;#ed4622&#8243; size=&#8221;36&#8243; force_font_size=&#8221;true&#8221; size_tablet=&#8221;20&#8243; size_phone=&#8221;15&#8243; line_height=&#8221;90&#8243; font_weight=&#8221;bold&#8221; txt_transform=&#8221;capitalize&#8221; margin_bottom=&#8221;0&#8243; font_family=&#8221;Lato&#8221; font_type=&#8221;google&#8221; align=&#8221;center&#8221;]<span style=\"color: #ffffff;\"><a style=\"color: #fff;\" href=\"tel:+15144477113\">514 447-7113<\/a><\/span>[\/mk_fancy_title][\/vc_column][vc_column width=&#8221;2\/12&#8243;][mk_padding_divider size=&#8221;50&#8243;][mk_button dimension=&#8221;flat&#8221; size=&#8221;large&#8221; url=&#8221;https:\/\/acmgouttieres.com\/en\/contact\/&#8221; margin_right=&#8221;0&#8243; bg_color=&#8221;#77dcff&#8221; btn_hover_bg=&#8221;#c1ecff&#8221; text_color=&#8221;dark&#8221; btn_hover_txt_color=&#8221;#323232&#8243;]Contact Us[\/mk_button][\/vc_column][vc_column width=&#8221;3\/12&#8243;][\/vc_column][\/mk_page_section]\n<\/div>","protected":false},"excerpt":{"rendered":"<p>[mk_page_section bg_image=&#8221;https:\/\/acmgouttieres.com\/wp-content\/uploads\/main-pictuer-on-top-.jpg&#8221; bg_position=&#8221;center center&#8221; bg_repeat=&#8221;no-repeat&#8221; bg_stretch=&#8221;true&#8221; speed_factor=&#8221;0.4&#8243; video_color_mask=&#8221;#000000&#8243; video_opacity=&#8221;0.2&#8243; min_height=&#8221;400&#8243; full_width=&#8221;true&#8221; js_vertical_centered=&#8221;true&#8221; padding_top=&#8221;0&#8243; padding_bottom=&#8221;0&#8243; sidebar=&#8221;sidebar-1&#8243;][vc_column][vc_column_text align=&#8221;center&#8221; animation=&#8221;bottom-to-top&#8221; el_class=&#8221;title&#8221; css=&#8221;.vc_custom_1748415698189{margin-bottom: 0px !important;}&#8221;] Installation of Seamless Gutters [\/vc_column_text][mk_button dimension=&#8221;flat&#8221; size=&#8221;large&#8221; url=&#8221;https:\/\/acmgouttieres.com\/en\/contact\/&#8221; align=&#8221;center&#8221; margin_top=&#8221;40&#8243; margin_bottom=&#8221;110&#8243; animation=&#8221;bottom-to-top&#8221;]Get Free Quote[\/mk_button][\/vc_column][\/mk_page_section][vc_row][vc_column][mk_padding_divider size=&#8221;80&#8243; visibility=&#8221;hidden-sm&#8221;][mk_padding_divider size=&#8221;60&#8243; visibility=&#8221;visible-sm&#8221;][\/vc_column][\/vc_row][vc_row][vc_column][mk_fancy_title color=&#8221;#0f79bf&#8221; size=&#8221;42&#8243; force_font_size=&#8221;true&#8221; size_tablet=&#8221;30&#8243; size_phone=&#8221;30&#8243; font_weight=&#8221;bold&#8221; txt_transform=&#8221;capitalize&#8221; margin_bottom=&#8221;0&#8243; font_family=&#8221;Lato&#8221; font_type=&#8221;google&#8221; align=&#8221;center&#8221;]Do You Need New Gutters?[\/mk_fancy_title][mk_divider style=&#8221;thin_solid&#8221; [&hellip;]<\/p>\n","protected":false},"author":24,"featured_media":0,"parent":498,"menu_order":0,"comment_status":"closed","ping_status":"closed","template":"","meta":{"footnotes":""},"class_list":["post-3653","page","type-page","status-publish","hentry"],"yoast_head":"<!-- This site is optimized with the Yoast SEO plugin v27.4 - https:\/\/yoast.com\/product\/yoast-seo-wordpress\/ -->\n<title>Professional Gutter Installation Services | ACM Goutti\u00e8res<\/title>\n<meta name=\"description\" content=\"ACM Goutti\u00e8res offers seamless gutter installation for a flawless, durable solution that prevents leaks and enhances your home&#039;s drainage system.\" \/>\n<meta name=\"robots\" content=\"index, follow, max-snippet:-1, max-image-preview:large, max-video-preview:-1\" \/>\n<link rel=\"canonical\" href=\"https:\/\/acmgouttieres.com\/en\/services\/gutter-installation\/\" \/>\n<meta property=\"og:locale\" content=\"en_US\" \/>\n<meta property=\"og:type\" content=\"article\" \/>\n<meta property=\"og:title\" content=\"Professional Gutter Installation Services | ACM Goutti\u00e8res\" \/>\n<meta property=\"og:description\" content=\"ACM Goutti\u00e8res offers seamless gutter installation for a flawless, durable solution that prevents leaks and enhances your home&#039;s drainage system.\" \/>\n<meta property=\"og:url\" content=\"https:\/\/acmgouttieres.com\/en\/services\/gutter-installation\/\" \/>\n<meta property=\"og:site_name\" content=\"ACM Goutti\u00e8res\" \/>\n<meta property=\"article:publisher\" content=\"https:\/\/www.facebook.com\/acmgouttieres\/\" \/>\n<meta property=\"article:modified_time\" content=\"2025-06-04T08:36:26+00:00\" \/>\n<meta property=\"og:image\" content=\"https:\/\/acmgouttieres.com\/wp-content\/uploads\/imageedit_8_6749332922b.jpg\" \/>\n\t<meta property=\"og:image:width\" content=\"1151\" \/>\n\t<meta property=\"og:image:height\" content=\"863\" \/>\n\t<meta property=\"og:image:type\" content=\"image\/jpeg\" \/>\n<meta name=\"twitter:card\" content=\"summary_large_image\" \/>\n<meta name=\"twitter:label1\" content=\"Est. reading time\" \/>\n\t<meta name=\"twitter:data1\" content=\"3 minutes\" \/>\n<script type=\"application\/ld+json\" class=\"yoast-schema-graph\">{\"@context\":\"https:\\\/\\\/schema.org\",\"@graph\":[{\"@type\":\"WebPage\",\"@id\":\"https:\\\/\\\/acmgouttieres.com\\\/en\\\/services\\\/gutter-installation\\\/\",\"url\":\"https:\\\/\\\/acmgouttieres.com\\\/en\\\/services\\\/gutter-installation\\\/\",\"name\":\"Professional Gutter Installation Services | ACM Goutti\u00e8res\",\"isPartOf\":{\"@id\":\"https:\\\/\\\/acmgouttieres.com\\\/en\\\/#website\"},\"primaryImageOfPage\":{\"@id\":\"https:\\\/\\\/acmgouttieres.com\\\/en\\\/services\\\/gutter-installation\\\/#primaryimage\"},\"image\":{\"@id\":\"https:\\\/\\\/acmgouttieres.com\\\/en\\\/services\\\/gutter-installation\\\/#primaryimage\"},\"thumbnailUrl\":\"https:\\\/\\\/acmgouttieres.com\\\/wp-content\\\/uploads\\\/imageedit_8_6749332922b-1200x1024.jpg\",\"datePublished\":\"2020-02-14T07:28:27+00:00\",\"dateModified\":\"2025-06-04T08:36:26+00:00\",\"description\":\"ACM Goutti\u00e8res offers seamless gutter installation for a flawless, durable solution that prevents leaks and enhances your home's drainage system.\",\"breadcrumb\":{\"@id\":\"https:\\\/\\\/acmgouttieres.com\\\/en\\\/services\\\/gutter-installation\\\/#breadcrumb\"},\"inLanguage\":\"en-US\",\"potentialAction\":[{\"@type\":\"ReadAction\",\"target\":[\"https:\\\/\\\/acmgouttieres.com\\\/en\\\/services\\\/gutter-installation\\\/\"]}]},{\"@type\":\"ImageObject\",\"inLanguage\":\"en-US\",\"@id\":\"https:\\\/\\\/acmgouttieres.com\\\/en\\\/services\\\/gutter-installation\\\/#primaryimage\",\"url\":\"https:\\\/\\\/acmgouttieres.com\\\/wp-content\\\/uploads\\\/imageedit_8_6749332922b-1200x1024.jpg\",\"contentUrl\":\"https:\\\/\\\/acmgouttieres.com\\\/wp-content\\\/uploads\\\/imageedit_8_6749332922b-1200x1024.jpg\"},{\"@type\":\"BreadcrumbList\",\"@id\":\"https:\\\/\\\/acmgouttieres.com\\\/en\\\/services\\\/gutter-installation\\\/#breadcrumb\",\"itemListElement\":[{\"@type\":\"ListItem\",\"position\":1,\"name\":\"Accueil\",\"item\":\"https:\\\/\\\/acmgouttieres.com\\\/en\\\/\"},{\"@type\":\"ListItem\",\"position\":2,\"name\":\"Services\",\"item\":\"https:\\\/\\\/acmgouttieres.com\\\/en\\\/services\\\/\"},{\"@type\":\"ListItem\",\"position\":3,\"name\":\"Gutter Installation\"}]},{\"@type\":\"WebSite\",\"@id\":\"https:\\\/\\\/acmgouttieres.com\\\/en\\\/#website\",\"url\":\"https:\\\/\\\/acmgouttieres.com\\\/en\\\/\",\"name\":\"https:\\\/\\\/acmgouttieres.com\\\/\",\"description\":\"\",\"publisher\":{\"@id\":\"https:\\\/\\\/acmgouttieres.com\\\/en\\\/#organization\"},\"potentialAction\":[{\"@type\":\"SearchAction\",\"target\":{\"@type\":\"EntryPoint\",\"urlTemplate\":\"https:\\\/\\\/acmgouttieres.com\\\/en\\\/?s={search_term_string}\"},\"query-input\":{\"@type\":\"PropertyValueSpecification\",\"valueRequired\":true,\"valueName\":\"search_term_string\"}}],\"inLanguage\":\"en-US\"},{\"@type\":\"Organization\",\"@id\":\"https:\\\/\\\/acmgouttieres.com\\\/en\\\/#organization\",\"name\":\"https:\\\/\\\/acmgouttieres.com\\\/\",\"url\":\"https:\\\/\\\/acmgouttieres.com\\\/en\\\/\",\"logo\":{\"@type\":\"ImageObject\",\"inLanguage\":\"en-US\",\"@id\":\"https:\\\/\\\/acmgouttieres.com\\\/en\\\/#\\\/schema\\\/logo\\\/image\\\/\",\"url\":\"https:\\\/\\\/acmgouttieres.com\\\/wp-content\\\/uploads\\\/acm-gouttieres-01.jpg\",\"contentUrl\":\"https:\\\/\\\/acmgouttieres.com\\\/wp-content\\\/uploads\\\/acm-gouttieres-01.jpg\",\"width\":1754,\"height\":1240,\"caption\":\"https:\\\/\\\/acmgouttieres.com\\\/\"},\"image\":{\"@id\":\"https:\\\/\\\/acmgouttieres.com\\\/en\\\/#\\\/schema\\\/logo\\\/image\\\/\"},\"sameAs\":[\"https:\\\/\\\/www.facebook.com\\\/acmgouttieres\\\/\"]}]}<\/script>\n<!-- \/ Yoast SEO plugin. -->","yoast_head_json":{"title":"Professional Gutter Installation Services | ACM Goutti\u00e8res","description":"ACM Goutti\u00e8res offers seamless gutter installation for a flawless, durable solution that prevents leaks and enhances your home's drainage system.","robots":{"index":"index","follow":"follow","max-snippet":"max-snippet:-1","max-image-preview":"max-image-preview:large","max-video-preview":"max-video-preview:-1"},"canonical":"https:\/\/acmgouttieres.com\/en\/services\/gutter-installation\/","og_locale":"en_US","og_type":"article","og_title":"Professional Gutter Installation Services | ACM Goutti\u00e8res","og_description":"ACM Goutti\u00e8res offers seamless gutter installation for a flawless, durable solution that prevents leaks and enhances your home's drainage system.","og_url":"https:\/\/acmgouttieres.com\/en\/services\/gutter-installation\/","og_site_name":"ACM Goutti\u00e8res","article_publisher":"https:\/\/www.facebook.com\/acmgouttieres\/","article_modified_time":"2025-06-04T08:36:26+00:00","og_image":[{"width":1151,"height":863,"url":"https:\/\/acmgouttieres.com\/wp-content\/uploads\/imageedit_8_6749332922b.jpg","type":"image\/jpeg"}],"twitter_card":"summary_large_image","twitter_misc":{"Est. reading time":"3 minutes"},"schema":{"@context":"https:\/\/schema.org","@graph":[{"@type":"WebPage","@id":"https:\/\/acmgouttieres.com\/en\/services\/gutter-installation\/","url":"https:\/\/acmgouttieres.com\/en\/services\/gutter-installation\/","name":"Professional Gutter Installation Services | ACM Goutti\u00e8res","isPartOf":{"@id":"https:\/\/acmgouttieres.com\/en\/#website"},"primaryImageOfPage":{"@id":"https:\/\/acmgouttieres.com\/en\/services\/gutter-installation\/#primaryimage"},"image":{"@id":"https:\/\/acmgouttieres.com\/en\/services\/gutter-installation\/#primaryimage"},"thumbnailUrl":"https:\/\/acmgouttieres.com\/wp-content\/uploads\/imageedit_8_6749332922b-1200x1024.jpg","datePublished":"2020-02-14T07:28:27+00:00","dateModified":"2025-06-04T08:36:26+00:00","description":"ACM Goutti\u00e8res offers seamless gutter installation for a flawless, durable solution that prevents leaks and enhances your home's drainage system.","breadcrumb":{"@id":"https:\/\/acmgouttieres.com\/en\/services\/gutter-installation\/#breadcrumb"},"inLanguage":"en-US","potentialAction":[{"@type":"ReadAction","target":["https:\/\/acmgouttieres.com\/en\/services\/gutter-installation\/"]}]},{"@type":"ImageObject","inLanguage":"en-US","@id":"https:\/\/acmgouttieres.com\/en\/services\/gutter-installation\/#primaryimage","url":"https:\/\/acmgouttieres.com\/wp-content\/uploads\/imageedit_8_6749332922b-1200x1024.jpg","contentUrl":"https:\/\/acmgouttieres.com\/wp-content\/uploads\/imageedit_8_6749332922b-1200x1024.jpg"},{"@type":"BreadcrumbList","@id":"https:\/\/acmgouttieres.com\/en\/services\/gutter-installation\/#breadcrumb","itemListElement":[{"@type":"ListItem","position":1,"name":"Accueil","item":"https:\/\/acmgouttieres.com\/en\/"},{"@type":"ListItem","position":2,"name":"Services","item":"https:\/\/acmgouttieres.com\/en\/services\/"},{"@type":"ListItem","position":3,"name":"Gutter Installation"}]},{"@type":"WebSite","@id":"https:\/\/acmgouttieres.com\/en\/#website","url":"https:\/\/acmgouttieres.com\/en\/","name":"https:\/\/acmgouttieres.com\/","description":"","publisher":{"@id":"https:\/\/acmgouttieres.com\/en\/#organization"},"potentialAction":[{"@type":"SearchAction","target":{"@type":"EntryPoint","urlTemplate":"https:\/\/acmgouttieres.com\/en\/?s={search_term_string}"},"query-input":{"@type":"PropertyValueSpecification","valueRequired":true,"valueName":"search_term_string"}}],"inLanguage":"en-US"},{"@type":"Organization","@id":"https:\/\/acmgouttieres.com\/en\/#organization","name":"https:\/\/acmgouttieres.com\/","url":"https:\/\/acmgouttieres.com\/en\/","logo":{"@type":"ImageObject","inLanguage":"en-US","@id":"https:\/\/acmgouttieres.com\/en\/#\/schema\/logo\/image\/","url":"https:\/\/acmgouttieres.com\/wp-content\/uploads\/acm-gouttieres-01.jpg","contentUrl":"https:\/\/acmgouttieres.com\/wp-content\/uploads\/acm-gouttieres-01.jpg","width":1754,"height":1240,"caption":"https:\/\/acmgouttieres.com\/"},"image":{"@id":"https:\/\/acmgouttieres.com\/en\/#\/schema\/logo\/image\/"},"sameAs":["https:\/\/www.facebook.com\/acmgouttieres\/"]}]}},"_links":{"self":[{"href":"https:\/\/acmgouttieres.com\/en\/wp-json\/wp\/v2\/pages\/3653","targetHints":{"allow":["GET"]}}],"collection":[{"href":"https:\/\/acmgouttieres.com\/en\/wp-json\/wp\/v2\/pages"}],"about":[{"href":"https:\/\/acmgouttieres.com\/en\/wp-json\/wp\/v2\/types\/page"}],"author":[{"embeddable":true,"href":"https:\/\/acmgouttieres.com\/en\/wp-json\/wp\/v2\/users\/24"}],"replies":[{"embeddable":true,"href":"https:\/\/acmgouttieres.com\/en\/wp-json\/wp\/v2\/comments?post=3653"}],"version-history":[{"count":44,"href":"https:\/\/acmgouttieres.com\/en\/wp-json\/wp\/v2\/pages\/3653\/revisions"}],"predecessor-version":[{"id":9596,"href":"https:\/\/acmgouttieres.com\/en\/wp-json\/wp\/v2\/pages\/3653\/revisions\/9596"}],"up":[{"embeddable":true,"href":"https:\/\/acmgouttieres.com\/en\/wp-json\/wp\/v2\/pages\/498"}],"wp:attachment":[{"href":"https:\/\/acmgouttieres.com\/en\/wp-json\/wp\/v2\/media?parent=3653"}],"curies":[{"name":"wp","href":"https:\/\/api.w.org\/{rel}","templated":true}]}}