{"id":544,"date":"2017-03-02T08:55:41","date_gmt":"2017-03-02T13:55:41","guid":{"rendered":"http:\/\/acmgouttieres.com\/?page_id=544\/"},"modified":"2025-02-08T03:21:14","modified_gmt":"2025-02-08T08:21:14","slug":"about-us","status":"publish","type":"page","link":"https:\/\/acmgouttieres.com\/en\/about-us\/","title":{"rendered":"About us"},"content":{"rendered":"<div class=\"wpb-content-wrapper\">[mk_page_section bg_image=&#8221;https:\/\/acmgouttieres.com\/wp-content\/uploads\/acm-gouttieres-contact-opt.jpg&#8221; bg_position=&#8221;center center&#8221; bg_repeat=&#8221;no-repeat&#8221; bg_stretch=&#8221;true&#8221; speed_factor=&#8221;0.4&#8243; video_color_mask=&#8221;#000000&#8243; video_opacity=&#8221;0.2&#8243; min_height=&#8221;400&#8243; full_width=&#8221;true&#8221; js_vertical_centered=&#8221;true&#8221; padding_top=&#8221;0&#8243; padding_bottom=&#8221;0&#8243; sidebar=&#8221;sidebar-1&#8243;][vc_column][vc_column_text align=&#8221;center&#8221; animation=&#8221;bottom-to-top&#8221; el_class=&#8221;title&#8221; css=&#8221;.vc_custom_1713201967187{margin-bottom: 0px !important;}&#8221;]\n<p style=\"font-size: 3em !important; font-weight: bold; color: #fff !important; text-align: center; position; relative; margin: 20vh 0 0;\">Gutters can be a hassle and are vital<br \/>\nto protecting your home.<br \/>\nLet us do the job.<\/p>\n[\/vc_column_text][mk_button dimension=&#8221;flat&#8221; size=&#8221;large&#8221; url=&#8221;https:\/\/acmgouttieres.com\/en\/contact\/&#8221; align=&#8221;center&#8221; margin_top=&#8221;40&#8243; margin_bottom=&#8221;110&#8243; animation=&#8221;bottom-to-top&#8221;]Get Free Quote[\/mk_button][\/vc_column][\/mk_page_section][vc_row][vc_column][mk_padding_divider size=&#8221;80&#8243; visibility=&#8221;hidden-sm&#8221;][mk_padding_divider size=&#8221;60&#8243; visibility=&#8221;visible-sm&#8221;][\/vc_column][\/vc_row][vc_row][vc_column][mk_fancy_title tag_name=&#8221;h1&#8243; color=&#8221;#0f79bf&#8221; size=&#8221;48&#8243; force_font_size=&#8221;true&#8221; size_tablet=&#8221;30&#8243; size_phone=&#8221;30&#8243; font_weight=&#8221;bold&#8221; txt_transform=&#8221;capitalize&#8221; margin_bottom=&#8221;0&#8243; font_family=&#8221;Lato&#8221; font_type=&#8221;google&#8221; align=&#8221;center&#8221;]Expert gutter services<br \/>\nfor all homes and every season.[\/mk_fancy_title][mk_divider style=&#8221;thin_solid&#8221; divider_width=&#8221;custom_width&#8221; custom_width=&#8221;200&#8243; thin_single_color=&#8221;#0f79bf&#8221; thickness=&#8221;3&#8243; margin_top=&#8221;10&#8243; margin_bottom=&#8221;60&#8243;][vc_row_inner][vc_column_inner width=&#8221;1\/12&#8243;][\/vc_column_inner][vc_column_inner width=&#8221;10\/12&#8243;][vc_column_text disable_pattern=&#8221;false&#8221; align=&#8221;center&#8221; css=&#8221;.vc_custom_1739002871941{margin-bottom: 0px !important;}&#8221;]\n<p style=\"font-size: 20px; line-height: 1.30em;\"><span style=\"color: #999999;\">ACM Gutters provides seamless gutter installations, house renovations, repairs and cleaning services in the West Island, Laval and South shore.<\/span><\/p>\n<p style=\"font-size: 20px; line-height: 1.30em;\"><span style=\"color: #999999;\">We are certified by the R\u00e9gie du b\u00e2timent du Qu\u00e9bec (RBQ) and the CNESST. Our team of specialists understand how important it is to protect your property from water damage and its effects. <\/span><\/p>\n<p style=\"font-size: 20px; line-height: 1.30em;\"><span style=\"color: #999999;\">With 18 years of experience under our belt, we\u2019ve seen it all and we\u2019re able to assess the situation and act accordingly. Call us regarding any of your concerns and let us do the rest. We\u2019re here to put your mind at ease. All you need to do is give us a call and let us know what you need.<\/span><\/p>\n[\/vc_column_text][\/vc_column_inner][vc_column_inner width=&#8221;1\/12&#8243;][\/vc_column_inner][\/vc_row_inner][\/vc_column][\/vc_row][mk_page_section bg_color=&#8221;#0f79bf&#8221; full_width=&#8221;true&#8221; has_top_shape_divider=&#8221;true&#8221; top_shape_color=&#8221;#ffffff&#8221; top_shape_bg_color=&#8221;#0f79bf&#8221; bottom_shape_color=&#8221;#ffffff&#8221; sidebar=&#8221;sidebar-1&#8243;][vc_column width=&#8221;2\/12&#8243;][\/vc_column][vc_column width=&#8221;5\/12&#8243;][mk_padding_divider size=&#8221;60&#8243;][mk_fancy_title tag_name=&#8221;h3&#8243; color=&#8221;#ed4622&#8243; size=&#8221;36&#8243; force_font_size=&#8221;true&#8221; size_tablet=&#8221;20&#8243; size_phone=&#8221;15&#8243; line_height=&#8221;90&#8243; font_weight=&#8221;bold&#8221; txt_transform=&#8221;capitalize&#8221; margin_bottom=&#8221;0&#8243; font_family=&#8221;Lato&#8221; font_type=&#8221;google&#8221; align=&#8221;center&#8221;]<span style=\"color: #ffffff;\"><a style=\"color: #fff;\" href=\"tel:+15144477113\">(514) 447-7113<\/a><\/span>[\/mk_fancy_title][\/vc_column][vc_column width=&#8221;2\/12&#8243;][mk_padding_divider size=&#8221;50&#8243;][mk_button dimension=&#8221;flat&#8221; size=&#8221;large&#8221; url=&#8221;https:\/\/acmgouttieres.com\/en\/contact\/&#8221; margin_right=&#8221;0&#8243; bg_color=&#8221;#77dcff&#8221; btn_hover_bg=&#8221;#c1ecff&#8221; text_color=&#8221;dark&#8221; btn_hover_txt_color=&#8221;#323232&#8243;]Contact Us[\/mk_button][\/vc_column][vc_column width=&#8221;3\/12&#8243;][\/vc_column][\/mk_page_section]\n<\/div>","protected":false},"excerpt":{"rendered":"<p>[mk_page_section bg_image=&#8221;https:\/\/acmgouttieres.com\/wp-content\/uploads\/acm-gouttieres-contact-opt.jpg&#8221; bg_position=&#8221;center center&#8221; bg_repeat=&#8221;no-repeat&#8221; bg_stretch=&#8221;true&#8221; speed_factor=&#8221;0.4&#8243; video_color_mask=&#8221;#000000&#8243; video_opacity=&#8221;0.2&#8243; min_height=&#8221;400&#8243; full_width=&#8221;true&#8221; js_vertical_centered=&#8221;true&#8221; padding_top=&#8221;0&#8243; padding_bottom=&#8221;0&#8243; sidebar=&#8221;sidebar-1&#8243;][vc_column][vc_column_text align=&#8221;center&#8221; animation=&#8221;bottom-to-top&#8221; el_class=&#8221;title&#8221; css=&#8221;.vc_custom_1713201967187{margin-bottom: 0px !important;}&#8221;] Gutters can be a hassle and are vital to protecting your home. Let us do the job. [\/vc_column_text][mk_button dimension=&#8221;flat&#8221; size=&#8221;large&#8221; url=&#8221;https:\/\/acmgouttieres.com\/en\/contact\/&#8221; align=&#8221;center&#8221; margin_top=&#8221;40&#8243; margin_bottom=&#8221;110&#8243; animation=&#8221;bottom-to-top&#8221;]Get Free Quote[\/mk_button][\/vc_column][\/mk_page_section][vc_row][vc_column][mk_padding_divider size=&#8221;80&#8243; visibility=&#8221;hidden-sm&#8221;][mk_padding_divider size=&#8221;60&#8243; visibility=&#8221;visible-sm&#8221;][\/vc_column][\/vc_row][vc_row][vc_column][mk_fancy_title tag_name=&#8221;h1&#8243; color=&#8221;#0f79bf&#8221; size=&#8221;48&#8243; [&hellip;]<\/p>\n","protected":false},"author":1,"featured_media":0,"parent":0,"menu_order":0,"comment_status":"closed","ping_status":"closed","template":"","meta":{"footnotes":""},"class_list":["post-544","page","type-page","status-publish","hentry"],"yoast_head":"<!-- This site is optimized with the Yoast SEO plugin v27.4 - https:\/\/yoast.com\/product\/yoast-seo-wordpress\/ -->\n<title>ACM Gutters | About us<\/title>\n<meta name=\"description\" content=\"Located on the West Island, the South shore and Laval, ACM Gutters offering an expert gutter services certified by the R\u00e9gie du b\u00e2timent du Qu\u00e9bec.\" \/>\n<meta name=\"robots\" content=\"index, follow, max-snippet:-1, max-image-preview:large, max-video-preview:-1\" \/>\n<link rel=\"canonical\" href=\"https:\/\/acmgouttieres.com\/en\/about-us\/\" \/>\n<meta property=\"og:locale\" content=\"en_US\" \/>\n<meta property=\"og:type\" content=\"article\" \/>\n<meta property=\"og:title\" content=\"ACM Gutters | About us\" \/>\n<meta property=\"og:description\" content=\"Located on the West Island, the South shore and Laval, ACM Gutters offering an expert gutter services certified by the R\u00e9gie du b\u00e2timent du Qu\u00e9bec.\" \/>\n<meta property=\"og:url\" content=\"https:\/\/acmgouttieres.com\/en\/about-us\/\" \/>\n<meta property=\"og:site_name\" content=\"ACM Goutti\u00e8res\" \/>\n<meta property=\"article:publisher\" content=\"https:\/\/www.facebook.com\/acmgouttieres\/\" \/>\n<meta property=\"article:modified_time\" content=\"2025-02-08T08:21:14+00:00\" \/>\n<meta name=\"twitter:card\" content=\"summary_large_image\" \/>\n<meta name=\"twitter:label1\" content=\"Est. reading time\" \/>\n\t<meta name=\"twitter:data1\" content=\"2 minutes\" \/>\n<script type=\"application\/ld+json\" class=\"yoast-schema-graph\">{\"@context\":\"https:\\\/\\\/schema.org\",\"@graph\":[{\"@type\":\"WebPage\",\"@id\":\"https:\\\/\\\/acmgouttieres.com\\\/en\\\/about-us\\\/\",\"url\":\"https:\\\/\\\/acmgouttieres.com\\\/en\\\/about-us\\\/\",\"name\":\"ACM Gutters | About us\",\"isPartOf\":{\"@id\":\"https:\\\/\\\/acmgouttieres.com\\\/en\\\/#website\"},\"datePublished\":\"2017-03-02T13:55:41+00:00\",\"dateModified\":\"2025-02-08T08:21:14+00:00\",\"description\":\"Located on the West Island, the South shore and Laval, ACM Gutters offering an expert gutter services certified by the R\u00e9gie du b\u00e2timent du Qu\u00e9bec.\",\"breadcrumb\":{\"@id\":\"https:\\\/\\\/acmgouttieres.com\\\/en\\\/about-us\\\/#breadcrumb\"},\"inLanguage\":\"en-US\",\"potentialAction\":[{\"@type\":\"ReadAction\",\"target\":[\"https:\\\/\\\/acmgouttieres.com\\\/en\\\/about-us\\\/\"]}]},{\"@type\":\"BreadcrumbList\",\"@id\":\"https:\\\/\\\/acmgouttieres.com\\\/en\\\/about-us\\\/#breadcrumb\",\"itemListElement\":[{\"@type\":\"ListItem\",\"position\":1,\"name\":\"Accueil\",\"item\":\"https:\\\/\\\/acmgouttieres.com\\\/en\\\/\"},{\"@type\":\"ListItem\",\"position\":2,\"name\":\"About us\"}]},{\"@type\":\"WebSite\",\"@id\":\"https:\\\/\\\/acmgouttieres.com\\\/en\\\/#website\",\"url\":\"https:\\\/\\\/acmgouttieres.com\\\/en\\\/\",\"name\":\"https:\\\/\\\/acmgouttieres.com\\\/\",\"description\":\"\",\"publisher\":{\"@id\":\"https:\\\/\\\/acmgouttieres.com\\\/en\\\/#organization\"},\"potentialAction\":[{\"@type\":\"SearchAction\",\"target\":{\"@type\":\"EntryPoint\",\"urlTemplate\":\"https:\\\/\\\/acmgouttieres.com\\\/en\\\/?s={search_term_string}\"},\"query-input\":{\"@type\":\"PropertyValueSpecification\",\"valueRequired\":true,\"valueName\":\"search_term_string\"}}],\"inLanguage\":\"en-US\"},{\"@type\":\"Organization\",\"@id\":\"https:\\\/\\\/acmgouttieres.com\\\/en\\\/#organization\",\"name\":\"https:\\\/\\\/acmgouttieres.com\\\/\",\"url\":\"https:\\\/\\\/acmgouttieres.com\\\/en\\\/\",\"logo\":{\"@type\":\"ImageObject\",\"inLanguage\":\"en-US\",\"@id\":\"https:\\\/\\\/acmgouttieres.com\\\/en\\\/#\\\/schema\\\/logo\\\/image\\\/\",\"url\":\"https:\\\/\\\/acmgouttieres.com\\\/wp-content\\\/uploads\\\/acm-gouttieres-01.jpg\",\"contentUrl\":\"https:\\\/\\\/acmgouttieres.com\\\/wp-content\\\/uploads\\\/acm-gouttieres-01.jpg\",\"width\":1754,\"height\":1240,\"caption\":\"https:\\\/\\\/acmgouttieres.com\\\/\"},\"image\":{\"@id\":\"https:\\\/\\\/acmgouttieres.com\\\/en\\\/#\\\/schema\\\/logo\\\/image\\\/\"},\"sameAs\":[\"https:\\\/\\\/www.facebook.com\\\/acmgouttieres\\\/\"]}]}<\/script>\n<!-- \/ Yoast SEO plugin. -->","yoast_head_json":{"title":"ACM Gutters | About us","description":"Located on the West Island, the South shore and Laval, ACM Gutters offering an expert gutter services certified by the R\u00e9gie du b\u00e2timent du Qu\u00e9bec.","robots":{"index":"index","follow":"follow","max-snippet":"max-snippet:-1","max-image-preview":"max-image-preview:large","max-video-preview":"max-video-preview:-1"},"canonical":"https:\/\/acmgouttieres.com\/en\/about-us\/","og_locale":"en_US","og_type":"article","og_title":"ACM Gutters | About us","og_description":"Located on the West Island, the South shore and Laval, ACM Gutters offering an expert gutter services certified by the R\u00e9gie du b\u00e2timent du Qu\u00e9bec.","og_url":"https:\/\/acmgouttieres.com\/en\/about-us\/","og_site_name":"ACM Goutti\u00e8res","article_publisher":"https:\/\/www.facebook.com\/acmgouttieres\/","article_modified_time":"2025-02-08T08:21:14+00:00","twitter_card":"summary_large_image","twitter_misc":{"Est. reading time":"2 minutes"},"schema":{"@context":"https:\/\/schema.org","@graph":[{"@type":"WebPage","@id":"https:\/\/acmgouttieres.com\/en\/about-us\/","url":"https:\/\/acmgouttieres.com\/en\/about-us\/","name":"ACM Gutters | About us","isPartOf":{"@id":"https:\/\/acmgouttieres.com\/en\/#website"},"datePublished":"2017-03-02T13:55:41+00:00","dateModified":"2025-02-08T08:21:14+00:00","description":"Located on the West Island, the South shore and Laval, ACM Gutters offering an expert gutter services certified by the R\u00e9gie du b\u00e2timent du Qu\u00e9bec.","breadcrumb":{"@id":"https:\/\/acmgouttieres.com\/en\/about-us\/#breadcrumb"},"inLanguage":"en-US","potentialAction":[{"@type":"ReadAction","target":["https:\/\/acmgouttieres.com\/en\/about-us\/"]}]},{"@type":"BreadcrumbList","@id":"https:\/\/acmgouttieres.com\/en\/about-us\/#breadcrumb","itemListElement":[{"@type":"ListItem","position":1,"name":"Accueil","item":"https:\/\/acmgouttieres.com\/en\/"},{"@type":"ListItem","position":2,"name":"About us"}]},{"@type":"WebSite","@id":"https:\/\/acmgouttieres.com\/en\/#website","url":"https:\/\/acmgouttieres.com\/en\/","name":"https:\/\/acmgouttieres.com\/","description":"","publisher":{"@id":"https:\/\/acmgouttieres.com\/en\/#organization"},"potentialAction":[{"@type":"SearchAction","target":{"@type":"EntryPoint","urlTemplate":"https:\/\/acmgouttieres.com\/en\/?s={search_term_string}"},"query-input":{"@type":"PropertyValueSpecification","valueRequired":true,"valueName":"search_term_string"}}],"inLanguage":"en-US"},{"@type":"Organization","@id":"https:\/\/acmgouttieres.com\/en\/#organization","name":"https:\/\/acmgouttieres.com\/","url":"https:\/\/acmgouttieres.com\/en\/","logo":{"@type":"ImageObject","inLanguage":"en-US","@id":"https:\/\/acmgouttieres.com\/en\/#\/schema\/logo\/image\/","url":"https:\/\/acmgouttieres.com\/wp-content\/uploads\/acm-gouttieres-01.jpg","contentUrl":"https:\/\/acmgouttieres.com\/wp-content\/uploads\/acm-gouttieres-01.jpg","width":1754,"height":1240,"caption":"https:\/\/acmgouttieres.com\/"},"image":{"@id":"https:\/\/acmgouttieres.com\/en\/#\/schema\/logo\/image\/"},"sameAs":["https:\/\/www.facebook.com\/acmgouttieres\/"]}]}},"_links":{"self":[{"href":"https:\/\/acmgouttieres.com\/en\/wp-json\/wp\/v2\/pages\/544","targetHints":{"allow":["GET"]}}],"collection":[{"href":"https:\/\/acmgouttieres.com\/en\/wp-json\/wp\/v2\/pages"}],"about":[{"href":"https:\/\/acmgouttieres.com\/en\/wp-json\/wp\/v2\/types\/page"}],"author":[{"embeddable":true,"href":"https:\/\/acmgouttieres.com\/en\/wp-json\/wp\/v2\/users\/1"}],"replies":[{"embeddable":true,"href":"https:\/\/acmgouttieres.com\/en\/wp-json\/wp\/v2\/comments?post=544"}],"version-history":[{"count":20,"href":"https:\/\/acmgouttieres.com\/en\/wp-json\/wp\/v2\/pages\/544\/revisions"}],"predecessor-version":[{"id":9332,"href":"https:\/\/acmgouttieres.com\/en\/wp-json\/wp\/v2\/pages\/544\/revisions\/9332"}],"wp:attachment":[{"href":"https:\/\/acmgouttieres.com\/en\/wp-json\/wp\/v2\/media?parent=544"}],"curies":[{"name":"wp","href":"https:\/\/api.w.org\/{rel}","templated":true}]}}