{"id":6659,"date":"2022-02-09T08:37:13","date_gmt":"2022-02-09T13:37:13","guid":{"rendered":"https:\/\/acmgouttieres.com\/?page_id=6659"},"modified":"2022-02-10T12:45:42","modified_gmt":"2022-02-10T17:45:42","slug":"faq","status":"publish","type":"page","link":"https:\/\/acmgouttieres.com\/en\/faq\/","title":{"rendered":"FAQ"},"content":{"rendered":"<div class=\"wpb-content-wrapper\">[mk_page_section bg_image=&#8221;https:\/\/acmgouttieres.com\/wp-content\/uploads\/faq-opt.jpg&#8221; bg_position=&#8221;center center&#8221; bg_repeat=&#8221;no-repeat&#8221; bg_stretch=&#8221;true&#8221; speed_factor=&#8221;0.4&#8243; video_color_mask=&#8221;#000000&#8243; video_opacity=&#8221;0.2&#8243; min_height=&#8221;400&#8243; full_width=&#8221;true&#8221; js_vertical_centered=&#8221;true&#8221; padding_top=&#8221;0&#8243; padding_bottom=&#8221;0&#8243; sidebar=&#8221;sidebar-1&#8243;][vc_column][vc_column_text align=&#8221;center&#8221; animation=&#8221;bottom-to-top&#8221; el_class=&#8221;title&#8221; css=&#8221;.vc_custom_1644413181537{margin-bottom: 0px !important;}&#8221;]\n<h1 style=\"font-size: 3em !important; font-weight: bold; color: #fff !important; text-align: center; position; relative; margin: 20vh 0 15vh;\">Frequently Asked Questions<\/h1>\n[\/vc_column_text][\/vc_column][\/mk_page_section][vc_row][vc_column][mk_padding_divider size=&#8221;80&#8243; visibility=&#8221;hidden-sm&#8221;][mk_padding_divider size=&#8221;60&#8243; visibility=&#8221;visible-sm&#8221;][\/vc_column][\/vc_row][vc_row][vc_column width=&#8221;1\/12&#8243;][\/vc_column][vc_column width=&#8221;5\/6&#8243;][vc_toggle title=&#8221;What Material is Used to Make our Gutters, Soffit, Fascias &#038; Downspouts?&#8221;]We use Aluminum which comes in many different colors to match your home.<br \/>\n[\/vc_toggle][vc_toggle title=&#8221;How Many Downspouts Do I Really Need?&#8221;]Normally a downspout must be installed every 25 to 30 feet of gutters, but depending on the slope of your roof, you may need to add more.[\/vc_toggle][vc_toggle title=&#8221;How Does My Gutter Installer Determine How to Install My Gutters for best results?&#8221;]To make sure your house is well protected, there are two essential ways to have a successful gutter installation. One is providing a good slope and secondly great support. The slope, which provides the flow of water to the downspout, should be of half an inch for every 15 feet of gutters.<\/p>\n<p>As for the proper support, there are different options which are all very effective.<\/p>\n<ol>\n<li>Gutters hangers with 5&#8243; Quick Screws By Kaycan or Gentek<\/li>\n<li>T-Rex continuous hanger M-5200 on new gutter installation By Alu-rex<\/li>\n<li>Rain gutter protections M-5300 on exciting gutters By Alu-rex<\/li>\n<li>Microfiltration continuous Double Pro hanger on new gutter installation By Alu-rex<\/li>\n<li>Gutter Sentry by Kaycan<\/li>\n<\/ol>\n<p>We provide any of these types of support hangers , which is why we give our customers the option to choose which they would  prefer.<br \/>\n[\/vc_toggle][vc_toggle title=&#8221;Do I Really Need to Clean My Gutters?&#8221;]We strongly suggest cleaning your gutters at least once a year to make sure everything continues to work correctly, more often if your house has trees in proximity. Getting your gutters cleaned is also a great opportunity to make sure that there hasn\u2019t been any damage caused by weather and debris or even any leaks. [\/vc_toggle][vc_toggle title=&#8221;Why Is Water Dripping Between My Gutter and The Fascia?&#8221;]The possible causes for water dripping between the two are as follow<\/p>\n<ol>\n<li>There is no drip edge installed<\/li>\n<li>Your gutters are overflowing due to a clog in your downspout<\/li>\n<li>Your gutter does not have a good slope to drain the water to the downspout<\/li>\n<li>Sometimes the roof edge is not straight so when the gutters are installed there could be sections where the gutter is below the drip edge. If that is the case, we need to add extra aluminum flashing.<\/li>\n<\/ul>\n[\/vc_toggle][vc_toggle title=&#8221;Why Is Water Dripping Between The Fascia And Soffit?&#8221;]\n<p>When there is water leaking between the soffit and fascia or from the soffit it is coming from the roof shingles.<\/p>\n[\/vc_toggle][vc_toggle title=&#8221;Why Do I Have An Ice Dam and Icicles on my Gutters?&#8221;]The gutters do not create ice dams or icicles. These are formed when the snow melts from the roof gets to the edge of the roof and gutters, where there is no heat coming from underneath, so it freezes.<\/p>\n<p>That heat should not be escaping through your roof, and these are the causes:<\/p>\n<ol>\n<li>Poor insulation in your attic when heat escapes from inside of your house to your attic.<\/li>\n<li>Poor ventilation or no ventilation. When your soffits are blocked, they do not allow air from outside to enter your attic. You need fresh air to enter an attic creating air flow.<\/li>\n<\/ol>\n[\/vc_toggle][vc_toggle title=&#8221;How Can I Tell If My Gutters Aren&#8217;t Draining Properly?&#8221;]The best time to see if your gutters are draining properly is during a rainfall. If you see the water pouring over the gutter, there may be a slop issue or a blockage on your downspout.<br \/>\n[\/vc_toggle][vc_toggle title=&#8221;Are You a Licensed Contractor?&#8221;]Yes we are licensed with the R\u00e9gie du B\u00e2timent du Qu\u00e9bec (RBQ license # 5730-3976-01). You  can validate our license number or any construction company at the RBQ government website <a href=\"https:\/\/www.pes.rbq.gouv.qc.ca\/RegistreLicences\/Recherche?mode=Entreprise\" target=\"_blank\" rel=\"noopener\">https:\/\/www.pes.rbq.gouv.qc.ca\/RegistreLicences\/Recherche?mode=Entreprise<\/a>. The license number and  business name should always match.<\/p>\n<p>We are also insured up to 2 million dollars in liability.<br \/>\n[\/vc_toggle][vc_toggle title=&#8221;Do You Hire Subcontractors?&#8221;]No, we have 3 trucks on the road with our qualified ACM Employees.<br \/>\n[\/vc_toggle][vc_toggle title=&#8221;What\u2019s Your Payment Methods?&#8221;]\n<ol>\n<li>Invoiced Online payments<\/li>\n<li>Visa , MasterCard and  American Express<\/li>\n<li>Email transfer (Interac E-Transfer)<\/li>\n<li>Cheque<\/li>\n<\/ol>\n[\/vc_toggle][\/vc_column][vc_column width=&#8221;1\/12&#8243;][\/vc_column][\/vc_row][vc_row][vc_column][mk_padding_divider size=&#8221;60&#8243;][\/vc_column][\/vc_row][mk_page_section bg_color=&#8221;#0f79bf&#8221; full_width=&#8221;true&#8221; has_top_shape_divider=&#8221;true&#8221; top_shape_color=&#8221;#ffffff&#8221; top_shape_bg_color=&#8221;#0f79bf&#8221; bottom_shape_color=&#8221;#ffffff&#8221; sidebar=&#8221;sidebar-1&#8243;][vc_column width=&#8221;2\/12&#8243;][\/vc_column][vc_column width=&#8221;5\/12&#8243;][mk_padding_divider size=&#8221;45&#8243;][mk_fancy_title tag_name=&#8221;h3&#8243; color=&#8221;#ffffff&#8221; size=&#8221;36&#8243; force_font_size=&#8221;true&#8221; size_smallscreen=&#8221;36&#8243; size_tablet=&#8221;20&#8243; size_phone=&#8221;15&#8243; line_height=&#8221;90&#8243; font_weight=&#8221;bold&#8221; txt_transform=&#8221;capitalize&#8221; margin_bottom=&#8221;0&#8243; font_family=&#8221;Lato&#8221; font_type=&#8221;google&#8221; align=&#8221;center&#8221;]\n<p style=\"color:#fff !important; font-size:24px !important; line-height:1.3em !important\">If you still have any unanswered questions, we\u2019ll be glad to assist you!<\/p>\n[\/mk_fancy_title][\/vc_column][vc_column width=&#8221;2\/12&#8243;][mk_padding_divider size=&#8221;50&#8243;][mk_button dimension=&#8221;flat&#8221; size=&#8221;large&#8221; url=&#8221;https:\/\/acmgouttieres.com\/en\/contact\/&#8221; margin_right=&#8221;0&#8243; bg_color=&#8221;#77dcff&#8221; btn_hover_bg=&#8221;#c1ecff&#8221; text_color=&#8221;dark&#8221; btn_hover_txt_color=&#8221;#323232&#8243;]Contact Us[\/mk_button][\/vc_column][vc_column width=&#8221;3\/12&#8243;][\/vc_column][\/mk_page_section]\n<\/div>","protected":false},"excerpt":{"rendered":"<p>[mk_page_section bg_image=&#8221;https:\/\/acmgouttieres.com\/wp-content\/uploads\/faq-opt.jpg&#8221; bg_position=&#8221;center center&#8221; bg_repeat=&#8221;no-repeat&#8221; bg_stretch=&#8221;true&#8221; speed_factor=&#8221;0.4&#8243; video_color_mask=&#8221;#000000&#8243; video_opacity=&#8221;0.2&#8243; min_height=&#8221;400&#8243; full_width=&#8221;true&#8221; js_vertical_centered=&#8221;true&#8221; padding_top=&#8221;0&#8243; padding_bottom=&#8221;0&#8243; sidebar=&#8221;sidebar-1&#8243;][vc_column][vc_column_text align=&#8221;center&#8221; animation=&#8221;bottom-to-top&#8221; el_class=&#8221;title&#8221; css=&#8221;.vc_custom_1644413181537{margin-bottom: 0px !important;}&#8221;] Frequently Asked Questions [\/vc_column_text][\/vc_column][\/mk_page_section][vc_row][vc_column][mk_padding_divider size=&#8221;80&#8243; visibility=&#8221;hidden-sm&#8221;][mk_padding_divider size=&#8221;60&#8243; visibility=&#8221;visible-sm&#8221;][\/vc_column][\/vc_row][vc_row][vc_column width=&#8221;1\/12&#8243;][\/vc_column][vc_column width=&#8221;5\/6&#8243;][vc_toggle title=&#8221;What Material is Used to Make our Gutters, Soffit, Fascias &#038; Downspouts?&#8221;]We use Aluminum which comes in many different colors to match your home. [&hellip;]<\/p>\n","protected":false},"author":2,"featured_media":0,"parent":0,"menu_order":0,"comment_status":"closed","ping_status":"closed","template":"","meta":{"footnotes":""},"class_list":["post-6659","page","type-page","status-publish","hentry"],"yoast_head":"<!-- This site is optimized with the Yoast SEO plugin v27.4 - https:\/\/yoast.com\/product\/yoast-seo-wordpress\/ -->\n<title>ACM Gutters | Frequently Asked Questions<\/title>\n<meta name=\"description\" content=\"You have any question regarding gutter, leaf cover system, soffit or fascia installation or repair? Consult our FAQ for all the answers!\" \/>\n<meta name=\"robots\" content=\"index, follow, max-snippet:-1, max-image-preview:large, max-video-preview:-1\" \/>\n<link rel=\"canonical\" href=\"https:\/\/acmgouttieres.com\/en\/faq\/\" \/>\n<meta property=\"og:locale\" content=\"en_US\" \/>\n<meta property=\"og:type\" content=\"article\" \/>\n<meta property=\"og:title\" content=\"ACM Gutters | Frequently Asked Questions\" \/>\n<meta property=\"og:description\" content=\"You have any question regarding gutter, leaf cover system, soffit or fascia installation or repair? Consult our FAQ for all the answers!\" \/>\n<meta property=\"og:url\" content=\"https:\/\/acmgouttieres.com\/en\/faq\/\" \/>\n<meta property=\"og:site_name\" content=\"ACM Goutti\u00e8res\" \/>\n<meta property=\"article:publisher\" content=\"https:\/\/www.facebook.com\/acmgouttieres\/\" \/>\n<meta property=\"article:modified_time\" content=\"2022-02-10T17:45:42+00:00\" \/>\n<meta name=\"twitter:card\" content=\"summary_large_image\" \/>\n<meta name=\"twitter:label1\" content=\"Est. reading time\" \/>\n\t<meta name=\"twitter:data1\" content=\"5 minutes\" \/>\n<script type=\"application\/ld+json\" class=\"yoast-schema-graph\">{\"@context\":\"https:\\\/\\\/schema.org\",\"@graph\":[{\"@type\":\"WebPage\",\"@id\":\"https:\\\/\\\/acmgouttieres.com\\\/en\\\/faq\\\/\",\"url\":\"https:\\\/\\\/acmgouttieres.com\\\/en\\\/faq\\\/\",\"name\":\"ACM Gutters | Frequently Asked Questions\",\"isPartOf\":{\"@id\":\"https:\\\/\\\/acmgouttieres.com\\\/en\\\/#website\"},\"datePublished\":\"2022-02-09T13:37:13+00:00\",\"dateModified\":\"2022-02-10T17:45:42+00:00\",\"description\":\"You have any question regarding gutter, leaf cover system, soffit or fascia installation or repair? Consult our FAQ for all the answers!\",\"breadcrumb\":{\"@id\":\"https:\\\/\\\/acmgouttieres.com\\\/en\\\/faq\\\/#breadcrumb\"},\"inLanguage\":\"en-US\",\"potentialAction\":[{\"@type\":\"ReadAction\",\"target\":[\"https:\\\/\\\/acmgouttieres.com\\\/en\\\/faq\\\/\"]}]},{\"@type\":\"BreadcrumbList\",\"@id\":\"https:\\\/\\\/acmgouttieres.com\\\/en\\\/faq\\\/#breadcrumb\",\"itemListElement\":[{\"@type\":\"ListItem\",\"position\":1,\"name\":\"Accueil\",\"item\":\"https:\\\/\\\/acmgouttieres.com\\\/en\\\/\"},{\"@type\":\"ListItem\",\"position\":2,\"name\":\"FAQ\"}]},{\"@type\":\"WebSite\",\"@id\":\"https:\\\/\\\/acmgouttieres.com\\\/en\\\/#website\",\"url\":\"https:\\\/\\\/acmgouttieres.com\\\/en\\\/\",\"name\":\"https:\\\/\\\/acmgouttieres.com\\\/\",\"description\":\"\",\"publisher\":{\"@id\":\"https:\\\/\\\/acmgouttieres.com\\\/en\\\/#organization\"},\"potentialAction\":[{\"@type\":\"SearchAction\",\"target\":{\"@type\":\"EntryPoint\",\"urlTemplate\":\"https:\\\/\\\/acmgouttieres.com\\\/en\\\/?s={search_term_string}\"},\"query-input\":{\"@type\":\"PropertyValueSpecification\",\"valueRequired\":true,\"valueName\":\"search_term_string\"}}],\"inLanguage\":\"en-US\"},{\"@type\":\"Organization\",\"@id\":\"https:\\\/\\\/acmgouttieres.com\\\/en\\\/#organization\",\"name\":\"https:\\\/\\\/acmgouttieres.com\\\/\",\"url\":\"https:\\\/\\\/acmgouttieres.com\\\/en\\\/\",\"logo\":{\"@type\":\"ImageObject\",\"inLanguage\":\"en-US\",\"@id\":\"https:\\\/\\\/acmgouttieres.com\\\/en\\\/#\\\/schema\\\/logo\\\/image\\\/\",\"url\":\"https:\\\/\\\/acmgouttieres.com\\\/wp-content\\\/uploads\\\/acm-gouttieres-01.jpg\",\"contentUrl\":\"https:\\\/\\\/acmgouttieres.com\\\/wp-content\\\/uploads\\\/acm-gouttieres-01.jpg\",\"width\":1754,\"height\":1240,\"caption\":\"https:\\\/\\\/acmgouttieres.com\\\/\"},\"image\":{\"@id\":\"https:\\\/\\\/acmgouttieres.com\\\/en\\\/#\\\/schema\\\/logo\\\/image\\\/\"},\"sameAs\":[\"https:\\\/\\\/www.facebook.com\\\/acmgouttieres\\\/\"]}]}<\/script>\n<!-- \/ Yoast SEO plugin. -->","yoast_head_json":{"title":"ACM Gutters | Frequently Asked Questions","description":"You have any question regarding gutter, leaf cover system, soffit or fascia installation or repair? Consult our FAQ for all the answers!","robots":{"index":"index","follow":"follow","max-snippet":"max-snippet:-1","max-image-preview":"max-image-preview:large","max-video-preview":"max-video-preview:-1"},"canonical":"https:\/\/acmgouttieres.com\/en\/faq\/","og_locale":"en_US","og_type":"article","og_title":"ACM Gutters | Frequently Asked Questions","og_description":"You have any question regarding gutter, leaf cover system, soffit or fascia installation or repair? Consult our FAQ for all the answers!","og_url":"https:\/\/acmgouttieres.com\/en\/faq\/","og_site_name":"ACM Goutti\u00e8res","article_publisher":"https:\/\/www.facebook.com\/acmgouttieres\/","article_modified_time":"2022-02-10T17:45:42+00:00","twitter_card":"summary_large_image","twitter_misc":{"Est. reading time":"5 minutes"},"schema":{"@context":"https:\/\/schema.org","@graph":[{"@type":"WebPage","@id":"https:\/\/acmgouttieres.com\/en\/faq\/","url":"https:\/\/acmgouttieres.com\/en\/faq\/","name":"ACM Gutters | Frequently Asked Questions","isPartOf":{"@id":"https:\/\/acmgouttieres.com\/en\/#website"},"datePublished":"2022-02-09T13:37:13+00:00","dateModified":"2022-02-10T17:45:42+00:00","description":"You have any question regarding gutter, leaf cover system, soffit or fascia installation or repair? Consult our FAQ for all the answers!","breadcrumb":{"@id":"https:\/\/acmgouttieres.com\/en\/faq\/#breadcrumb"},"inLanguage":"en-US","potentialAction":[{"@type":"ReadAction","target":["https:\/\/acmgouttieres.com\/en\/faq\/"]}]},{"@type":"BreadcrumbList","@id":"https:\/\/acmgouttieres.com\/en\/faq\/#breadcrumb","itemListElement":[{"@type":"ListItem","position":1,"name":"Accueil","item":"https:\/\/acmgouttieres.com\/en\/"},{"@type":"ListItem","position":2,"name":"FAQ"}]},{"@type":"WebSite","@id":"https:\/\/acmgouttieres.com\/en\/#website","url":"https:\/\/acmgouttieres.com\/en\/","name":"https:\/\/acmgouttieres.com\/","description":"","publisher":{"@id":"https:\/\/acmgouttieres.com\/en\/#organization"},"potentialAction":[{"@type":"SearchAction","target":{"@type":"EntryPoint","urlTemplate":"https:\/\/acmgouttieres.com\/en\/?s={search_term_string}"},"query-input":{"@type":"PropertyValueSpecification","valueRequired":true,"valueName":"search_term_string"}}],"inLanguage":"en-US"},{"@type":"Organization","@id":"https:\/\/acmgouttieres.com\/en\/#organization","name":"https:\/\/acmgouttieres.com\/","url":"https:\/\/acmgouttieres.com\/en\/","logo":{"@type":"ImageObject","inLanguage":"en-US","@id":"https:\/\/acmgouttieres.com\/en\/#\/schema\/logo\/image\/","url":"https:\/\/acmgouttieres.com\/wp-content\/uploads\/acm-gouttieres-01.jpg","contentUrl":"https:\/\/acmgouttieres.com\/wp-content\/uploads\/acm-gouttieres-01.jpg","width":1754,"height":1240,"caption":"https:\/\/acmgouttieres.com\/"},"image":{"@id":"https:\/\/acmgouttieres.com\/en\/#\/schema\/logo\/image\/"},"sameAs":["https:\/\/www.facebook.com\/acmgouttieres\/"]}]}},"_links":{"self":[{"href":"https:\/\/acmgouttieres.com\/en\/wp-json\/wp\/v2\/pages\/6659","targetHints":{"allow":["GET"]}}],"collection":[{"href":"https:\/\/acmgouttieres.com\/en\/wp-json\/wp\/v2\/pages"}],"about":[{"href":"https:\/\/acmgouttieres.com\/en\/wp-json\/wp\/v2\/types\/page"}],"author":[{"embeddable":true,"href":"https:\/\/acmgouttieres.com\/en\/wp-json\/wp\/v2\/users\/2"}],"replies":[{"embeddable":true,"href":"https:\/\/acmgouttieres.com\/en\/wp-json\/wp\/v2\/comments?post=6659"}],"version-history":[{"count":10,"href":"https:\/\/acmgouttieres.com\/en\/wp-json\/wp\/v2\/pages\/6659\/revisions"}],"predecessor-version":[{"id":6677,"href":"https:\/\/acmgouttieres.com\/en\/wp-json\/wp\/v2\/pages\/6659\/revisions\/6677"}],"wp:attachment":[{"href":"https:\/\/acmgouttieres.com\/en\/wp-json\/wp\/v2\/media?parent=6659"}],"curies":[{"name":"wp","href":"https:\/\/api.w.org\/{rel}","templated":true}]}}